{"id":464,"date":"2023-02-08T09:39:52","date_gmt":"2023-02-08T15:39:52","guid":{"rendered":"https:\/\/www.solucionesie.com.mx\/?page_id=464"},"modified":"2023-02-08T09:50:01","modified_gmt":"2023-02-08T15:50:01","slug":"politica-de-cookies","status":"publish","type":"page","link":"https:\/\/www.solucionesie.com.mx\/it\/politica-de-cookies\/","title":{"rendered":"Politica sui cookie"},"content":{"rendered":"<div data-elementor-type=\"wp-page\" data-elementor-id=\"464\" class=\"elementor elementor-464\" data-elementor-post-type=\"page\">\n\t\t\t\t\t\t<section class=\"elementor-section elementor-top-section elementor-element elementor-element-85717dd elementor-section-boxed elementor-section-height-default elementor-section-height-default\" data-id=\"85717dd\" data-element_type=\"section\" data-e-type=\"section\" data-settings=\"{&quot;background_background&quot;:&quot;classic&quot;}\">\n\t\t\t\t\t\t<div class=\"elementor-container elementor-column-gap-default\">\n\t\t\t\t\t<div class=\"elementor-column elementor-col-100 elementor-top-column elementor-element elementor-element-1cf8f16\" data-id=\"1cf8f16\" data-element_type=\"column\" data-e-type=\"column\">\n\t\t\t<div class=\"elementor-widget-wrap elementor-element-populated\">\n\t\t\t\t\t\t<section class=\"elementor-section elementor-inner-section elementor-element elementor-element-d1e8369 elementor-section-boxed elementor-section-height-default elementor-section-height-default\" data-id=\"d1e8369\" data-element_type=\"section\" data-e-type=\"section\">\n\t\t\t\t\t\t<div class=\"elementor-container elementor-column-gap-default\">\n\t\t\t\t\t<div class=\"elementor-column elementor-col-100 elementor-inner-column elementor-element elementor-element-47be391\" data-id=\"47be391\" data-element_type=\"column\" data-e-type=\"column\">\n\t\t\t<div class=\"elementor-widget-wrap elementor-element-populated\">\n\t\t\t\t\t\t<div class=\"elementor-element elementor-element-ef8cc2f elementor-widget elementor-widget-text-editor\" data-id=\"ef8cc2f\" data-element_type=\"widget\" data-e-type=\"widget\" data-widget_type=\"text-editor.default\">\n\t\t\t\t<div class=\"elementor-widget-container\">\n\t\t\t\t\t\t\t\t\t<p>Politica sui cookie<\/p>\t\t\t\t\t\t\t\t<\/div>\n\t\t\t\t<\/div>\n\t\t\t\t<div class=\"elementor-element elementor-element-e692989 elementor-widget elementor-widget-text-editor\" data-id=\"e692989\" data-element_type=\"widget\" data-e-type=\"widget\" data-widget_type=\"text-editor.default\">\n\t\t\t\t<div class=\"elementor-widget-container\">\n\t\t\t\t\t\t\t\t\t<p>La instalaci\u00f3n de cookies en el navegador requiere de tu consentimiento expreso a no ser que las cookies sean:<\/p><p>Necesarias para facilitar la navegaci\u00f3n y\/o la aplicaci\u00f3n de medidas de seguridad para garantizar la confidencialidad, integridad y disponibilidad de la informaci\u00f3n.<br \/>Imprescindibles para prestarte el servicio expresamente solicitado.<br \/>Respecto al resto de cookies que utilizamos en nuestra web, en el supuesto de que prestes tu consentimiento aceptando el aviso legal emergente que informa sobre nuestra pol\u00edtica de cookies, podremos utilizarlas con las finalidades indicadas en la presente pol\u00edtica.<\/p>\t\t\t\t\t\t\t\t<\/div>\n\t\t\t\t<\/div>\n\t\t\t\t\t<\/div>\n\t\t<\/div>\n\t\t\t\t\t<\/div>\n\t\t<\/section>\n\t\t\t\t<div class=\"elementor-element elementor-element-69dd4ac elementor-widget elementor-widget-text-editor\" data-id=\"69dd4ac\" data-element_type=\"widget\" data-e-type=\"widget\" data-widget_type=\"text-editor.default\">\n\t\t\t\t<div class=\"elementor-widget-container\">\n\t\t\t\t\t\t\t\t\t<h3>\u00bfQu\u00e9 es una cookie?<\/h3>\t\t\t\t\t\t\t\t<\/div>\n\t\t\t\t<\/div>\n\t\t\t\t<div class=\"elementor-element elementor-element-5ce4a7a elementor-widget elementor-widget-text-editor\" data-id=\"5ce4a7a\" data-element_type=\"widget\" data-e-type=\"widget\" data-widget_type=\"text-editor.default\">\n\t\t\t\t<div class=\"elementor-widget-container\">\n\t\t\t\t\t\t\t\t\t<p>Una cookie es un peque\u00f1o archivo de texto que se descarga y almacena en el terminal del usuario (Pc\/smartphone\/tablet\/etc) cuando accede a una p\u00e1gina web. Existen distintos tipos de cookies y sus finalidades pueden ser muy diversas. Por ejemplo, las cookies pueden ser utilizadas para recordar el idioma seleccionado, personalizar la web, recordar su inicio de sesi\u00f3n, facilitar la navegaci\u00f3n, ofrecer publicidad personalizada, as\u00ed como para realizar un seguimiento de sus movimientos en la web y elaborar perfiles de uso.<\/p><p>Hay distintos tipos de cookies: las cookies de sesi\u00f3n y las cookies permanentes. Las cookies de sesi\u00f3n se crean de forma temporal, de forma que una vez abandonada la web, la cookie de sesi\u00f3n es eliminada autom\u00e1ticamente. Las cookies permanentes siguen almacenadas en su dispositivo y se activan de nuevo en cuanto visitas otra vez la p\u00e1gina espec\u00edfica que la cre\u00f3. Una cookie permanente sigue en la subcarpeta del navegador durante el tiempo que se ha establecido como per\u00edodo de duraci\u00f3n del archivo.<\/p><p>Las cookies tambi\u00e9n pueden ser propias o de terceros. Las cookies propias han sido creadas por nosotros y disponemos del control respecto a su utilizaci\u00f3n y anulaci\u00f3n. Las cookies de terceros son creadas por entidades proveedoras de servicios sobre las cuales no disponemos de ning\u00fan control. A continuaci\u00f3n dispone de un cuadro descriptivo que recoje las cookies utilizadas en nuestro espacio web. Si tiene alguna duda al respecto de estas cookies le recomendamos se dirija al fabricante siguiendo los enlaces indicados ( sin perjuicio de su derecho a desactivar las cookies que estime oportunas).<\/p>\t\t\t\t\t\t\t\t<\/div>\n\t\t\t\t<\/div>\n\t\t\t\t<div class=\"elementor-element elementor-element-347d3e0 elementor-widget elementor-widget-text-editor\" data-id=\"347d3e0\" data-element_type=\"widget\" data-e-type=\"widget\" data-widget_type=\"text-editor.default\">\n\t\t\t\t<div class=\"elementor-widget-container\">\n\t\t\t\t\t\t\t\t\t<h3>\u00bfQui\u00e9n puede tener acceso a las cookies?<\/h3>\t\t\t\t\t\t\t\t<\/div>\n\t\t\t\t<\/div>\n\t\t\t\t<div class=\"elementor-element elementor-element-2ca8088 elementor-widget elementor-widget-text-editor\" data-id=\"2ca8088\" data-element_type=\"widget\" data-e-type=\"widget\" data-widget_type=\"text-editor.default\">\n\t\t\t\t<div class=\"elementor-widget-container\">\n\t\t\t\t\t\t\t\t\t<p>\u00danicamente puede acceder a las cookies la entidad o empresa que las ha creado.<\/p>\t\t\t\t\t\t\t\t<\/div>\n\t\t\t\t<\/div>\n\t\t\t\t<div class=\"elementor-element elementor-element-cfbf2da elementor-widget elementor-widget-text-editor\" data-id=\"cfbf2da\" data-element_type=\"widget\" data-e-type=\"widget\" data-widget_type=\"text-editor.default\">\n\t\t\t\t<div class=\"elementor-widget-container\">\n\t\t\t\t\t\t\t\t\t<h3>\u00bfQu\u00e9 informaci\u00f3n puede recoger una cookie?<\/h3>\t\t\t\t\t\t\t\t<\/div>\n\t\t\t\t<\/div>\n\t\t\t\t<div class=\"elementor-element elementor-element-bc2124b elementor-widget elementor-widget-text-editor\" data-id=\"bc2124b\" data-element_type=\"widget\" data-e-type=\"widget\" data-widget_type=\"text-editor.default\">\n\t\t\t\t<div class=\"elementor-widget-container\">\n\t\t\t\t\t\t\t\t\t<p>La informaci\u00f3n que puede recopilar una cookie puede ser muy diversa, a titulo ilustrativo pero no limitativo, a continuaci\u00f3n se relacionan los distintos tipos de informaci\u00f3n m\u00e1s usuales recopilados:<\/p><ul><li>IP del usuario<\/li><li>Web de procedencia<\/li><li>T\u00e9rmino utilizado en los buscadores para acceder a la web<\/li><li>Lugares de la web visitados<\/li><li>Productos escogidos<\/li><li>Contenido de formularios de registro o pedido<\/li><li>Id de sesi\u00f3n<\/li><li>Informaci\u00f3n sobre su explorador y dispositivo, sistema operativo, velocidad de conexi\u00f3n y configuraci\u00f3n de visualizaci\u00f3n.<\/li><\/ul><p>\u00a0<\/p><p>Este sitio web utiliza las cookies que se detallan en el cuadro siguiente:<\/p><ul><li><strong>Cookies necesarias<\/strong>: son imprescindibles para la prestaci\u00f3n de los servicios solicitados por el usuario. Si se desactivan estas cookies, no podr\u00e1 recibir correctamente nuestros contenidos y servicios.<\/li><li><strong>Cookies anal\u00edticas<\/strong>: utilizamos estas cookies para mejorar la calidad de nuestros servicios analizando el comportamiento de los usuarios en nuestra web. Para ello utilizamos cookies de terceros sobre las cuales no disponemos de ning\u00fan control. Si desactiva estas cookies podr\u00e1 continuar recibiendo nuestros servicios, sin embargo nos limitar\u00e1 el conocimiento de la actividad de nuestros clientes para la mejora de nuestros servicios.<\/li><\/ul>\t\t\t\t\t\t\t\t<\/div>\n\t\t\t\t<\/div>\n\t\t\t\t<div class=\"elementor-element elementor-element-e7b88f2 elementor-widget elementor-widget-text-editor\" data-id=\"e7b88f2\" data-element_type=\"widget\" data-e-type=\"widget\" data-widget_type=\"text-editor.default\">\n\t\t\t\t<div class=\"elementor-widget-container\">\n\t\t\t\t\t\t\t\t\t<h3>\u00bfC\u00f3mo puedo desactivar las cookies?<\/h3>\t\t\t\t\t\t\t\t<\/div>\n\t\t\t\t<\/div>\n\t\t\t\t<div class=\"elementor-element elementor-element-053740b elementor-widget elementor-widget-text-editor\" data-id=\"053740b\" data-element_type=\"widget\" data-e-type=\"widget\" data-widget_type=\"text-editor.default\">\n\t\t\t\t<div class=\"elementor-widget-container\">\n\t\t\t\t\t\t\t\t\t<p>El usuario puede seleccionar las cookies operativas u optar por su desactivaci\u00f3n procediendo de la siguiente manera:<\/p><ul><li>Mediante la configuraci\u00f3n del navegador:<ul><li>Chrome, desde <a href=\"http:\/\/support.google.com\/chrome\/answer\/95647\">support.google.com\/chrome\/answer\/95647<\/a><\/li><li>Explorer, desde <a href=\"http:\/\/support.microsoft.com\/es-es\/help\/17442\/windows-internet-explorer-delete-manage-cookies\">support.microsoft.com\/es-es\/help\/17442\/windows-internet-explorer-delete-manage-cookies<\/a><\/li><li>Firefox, desde <a href=\"http:\/\/support.mozilla.org\/es\/kb\/habilitar-y-deshabilitar-cookies-sitios-web-rastrear-preferencias\">support.mozilla.org\/es\/kb\/habilitar-y-deshabilitar-cookies-sitios-web-rastrear-preferencias<\/a><\/li><li>Safari, desde <a href=\"http:\/\/support.apple.com\/kb\/ph21411\">support.apple.com\/kb\/ph21411<\/a><\/li><\/ul><\/li><li>Mediante los sistemas de opt-out espec\u00edficos indicados por los propietarios de las cookies.<\/li><li>Otras herramientas de terceros, disponibles on line, que permiten a los usuarios detectar las cookies en cada sitio web que visita y gestionar su desactivaci\u00f3n.<\/li><\/ul><p>\u00a0<\/p><p>Ten presente que no nos podemos hacer responsables del contenido, veracidad y cumplimiento de las pol\u00edticas de privacidad de terceros. En consecuencia, si optas por navegar en nuestra web permitiendo cookies de terceros, declaras hacerlo conociendo esta circunstancia y eximes a Soluciones IE de cualquier responsabilidad, directa o indirecta por los da\u00f1os, perjuicios o injerencias en su privacidad realizadas por terceras compa\u00f1\u00edas.<\/p>\t\t\t\t\t\t\t\t<\/div>\n\t\t\t\t<\/div>\n\t\t\t\t\t<\/div>\n\t\t<\/div>\n\t\t\t\t\t<\/div>\n\t\t<\/section>\n\t\t\t\t<\/div>","protected":false},"excerpt":{"rendered":"<p>Pol\u00edtica de cookies La instalaci\u00f3n de cookies en el navegador requiere de tu consentimiento expreso a no ser que las cookies sean: Necesarias para facilitar la navegaci\u00f3n y\/o la aplicaci\u00f3n de medidas de seguridad para garantizar la confidencialidad, integridad y disponibilidad de la informaci\u00f3n.Imprescindibles para prestarte el servicio expresamente solicitado.Respecto al resto de cookies que [&hellip;]<\/p>\n","protected":false},"author":1,"featured_media":0,"parent":0,"menu_order":0,"comment_status":"closed","ping_status":"closed","template":"","meta":{"_joinchat":[],"footnotes":""},"class_list":["post-464","page","type-page","status-publish","hentry"],"yoast_head":"<!-- This site is optimized with the Yoast SEO plugin v27.4 - https:\/\/yoast.com\/product\/yoast-seo-wordpress\/ -->\n<title>Pol\u00edtica de cookies - Dise\u00f1o de p\u00e1ginas web<\/title>\n<meta name=\"robots\" content=\"index, follow, max-snippet:-1, max-image-preview:large, max-video-preview:-1\" \/>\n<link rel=\"canonical\" href=\"https:\/\/www.solucionesie.com.mx\/it\/politica-de-cookies\/\" \/>\n<meta property=\"og:locale\" content=\"it_IT\" \/>\n<meta property=\"og:type\" content=\"article\" \/>\n<meta property=\"og:title\" content=\"Pol\u00edtica de cookies - Dise\u00f1o de p\u00e1ginas web\" \/>\n<meta property=\"og:description\" content=\"Pol\u00edtica de cookies La instalaci\u00f3n de cookies en el navegador requiere de tu consentimiento expreso a no ser que las cookies sean: Necesarias para facilitar la navegaci\u00f3n y\/o la aplicaci\u00f3n de medidas de seguridad para garantizar la confidencialidad, integridad y disponibilidad de la informaci\u00f3n.Imprescindibles para prestarte el servicio expresamente solicitado.Respecto al resto de cookies que [&hellip;]\" \/>\n<meta property=\"og:url\" content=\"https:\/\/www.solucionesie.com.mx\/it\/politica-de-cookies\/\" \/>\n<meta property=\"og:site_name\" content=\"Dise\u00f1o de p\u00e1ginas web\" \/>\n<meta property=\"article:publisher\" content=\"https:\/\/www.facebook.com\/SolucionesIEAgs\" \/>\n<meta property=\"article:modified_time\" content=\"2023-02-08T15:50:01+00:00\" \/>\n<meta property=\"og:image\" content=\"https:\/\/www.solucionesie.com.mx\/wp-content\/uploads\/2021\/11\/Logo_SolucionesIE_ico.png\" \/>\n\t<meta property=\"og:image:width\" content=\"750\" \/>\n\t<meta property=\"og:image:height\" content=\"750\" \/>\n\t<meta property=\"og:image:type\" content=\"image\/png\" \/>\n<meta name=\"twitter:card\" content=\"summary_large_image\" \/>\n<meta name=\"twitter:site\" content=\"@SolucionesInf12\" \/>\n<meta name=\"twitter:label1\" content=\"Tempo di lettura stimato\" \/>\n\t<meta name=\"twitter:data1\" content=\"4 minuti\" \/>\n<script type=\"application\/ld+json\" class=\"yoast-schema-graph\">{\"@context\":\"https:\\\/\\\/schema.org\",\"@graph\":[{\"@type\":\"WebPage\",\"@id\":\"https:\\\/\\\/www.solucionesie.com.mx\\\/politica-de-cookies\\\/\",\"url\":\"https:\\\/\\\/www.solucionesie.com.mx\\\/politica-de-cookies\\\/\",\"name\":\"Pol\u00edtica de cookies - Dise\u00f1o de p\u00e1ginas web\",\"isPartOf\":{\"@id\":\"https:\\\/\\\/www.solucionesie.com.mx\\\/#website\"},\"datePublished\":\"2023-02-08T15:39:52+00:00\",\"dateModified\":\"2023-02-08T15:50:01+00:00\",\"breadcrumb\":{\"@id\":\"https:\\\/\\\/www.solucionesie.com.mx\\\/politica-de-cookies\\\/#breadcrumb\"},\"inLanguage\":\"it-IT\",\"potentialAction\":[{\"@type\":\"ReadAction\",\"target\":[\"https:\\\/\\\/www.solucionesie.com.mx\\\/politica-de-cookies\\\/\"]}]},{\"@type\":\"BreadcrumbList\",\"@id\":\"https:\\\/\\\/www.solucionesie.com.mx\\\/politica-de-cookies\\\/#breadcrumb\",\"itemListElement\":[{\"@type\":\"ListItem\",\"position\":1,\"name\":\"Portada\",\"item\":\"https:\\\/\\\/www.solucionesie.com.mx\\\/\"},{\"@type\":\"ListItem\",\"position\":2,\"name\":\"Pol\u00edtica de cookies\"}]},{\"@type\":\"WebSite\",\"@id\":\"https:\\\/\\\/www.solucionesie.com.mx\\\/#website\",\"url\":\"https:\\\/\\\/www.solucionesie.com.mx\\\/\",\"name\":\"Dise\u00f1o de p\u00e1ginas web\",\"description\":\"Soluciones IE - Aguascalientes M\u00e9xico\",\"publisher\":{\"@id\":\"https:\\\/\\\/www.solucionesie.com.mx\\\/#organization\"},\"potentialAction\":[{\"@type\":\"SearchAction\",\"target\":{\"@type\":\"EntryPoint\",\"urlTemplate\":\"https:\\\/\\\/www.solucionesie.com.mx\\\/?s={search_term_string}\"},\"query-input\":{\"@type\":\"PropertyValueSpecification\",\"valueRequired\":true,\"valueName\":\"search_term_string\"}}],\"inLanguage\":\"it-IT\"},{\"@type\":\"Organization\",\"@id\":\"https:\\\/\\\/www.solucionesie.com.mx\\\/#organization\",\"name\":\"Soluciones IE\",\"url\":\"https:\\\/\\\/www.solucionesie.com.mx\\\/\",\"logo\":{\"@type\":\"ImageObject\",\"inLanguage\":\"it-IT\",\"@id\":\"https:\\\/\\\/www.solucionesie.com.mx\\\/#\\\/schema\\\/logo\\\/image\\\/\",\"url\":\"https:\\\/\\\/www.solucionesie.com.mx\\\/wp-content\\\/uploads\\\/2021\\\/10\\\/Logo_SolucionesIE_768px.png\",\"contentUrl\":\"https:\\\/\\\/www.solucionesie.com.mx\\\/wp-content\\\/uploads\\\/2021\\\/10\\\/Logo_SolucionesIE_768px.png\",\"width\":768,\"height\":432,\"caption\":\"Soluciones IE\"},\"image\":{\"@id\":\"https:\\\/\\\/www.solucionesie.com.mx\\\/#\\\/schema\\\/logo\\\/image\\\/\"},\"sameAs\":[\"https:\\\/\\\/www.facebook.com\\\/SolucionesIEAgs\",\"https:\\\/\\\/x.com\\\/SolucionesInf12\",\"https:\\\/\\\/www.linkedin.com\\\/company\\\/18697668\"]}]}<\/script>\n<!-- \/ Yoast SEO plugin. -->","yoast_head_json":{"title":"Pol\u00edtica de cookies - Dise\u00f1o de p\u00e1ginas web","robots":{"index":"index","follow":"follow","max-snippet":"max-snippet:-1","max-image-preview":"max-image-preview:large","max-video-preview":"max-video-preview:-1"},"canonical":"https:\/\/www.solucionesie.com.mx\/it\/politica-de-cookies\/","og_locale":"it_IT","og_type":"article","og_title":"Pol\u00edtica de cookies - Dise\u00f1o de p\u00e1ginas web","og_description":"Pol\u00edtica de cookies La instalaci\u00f3n de cookies en el navegador requiere de tu consentimiento expreso a no ser que las cookies sean: Necesarias para facilitar la navegaci\u00f3n y\/o la aplicaci\u00f3n de medidas de seguridad para garantizar la confidencialidad, integridad y disponibilidad de la informaci\u00f3n.Imprescindibles para prestarte el servicio expresamente solicitado.Respecto al resto de cookies que [&hellip;]","og_url":"https:\/\/www.solucionesie.com.mx\/it\/politica-de-cookies\/","og_site_name":"Dise\u00f1o de p\u00e1ginas web","article_publisher":"https:\/\/www.facebook.com\/SolucionesIEAgs","article_modified_time":"2023-02-08T15:50:01+00:00","og_image":[{"width":750,"height":750,"url":"https:\/\/www.solucionesie.com.mx\/wp-content\/uploads\/2021\/11\/Logo_SolucionesIE_ico.png","type":"image\/png"}],"twitter_card":"summary_large_image","twitter_site":"@SolucionesInf12","twitter_misc":{"Tempo di lettura stimato":"4 minuti"},"schema":{"@context":"https:\/\/schema.org","@graph":[{"@type":"WebPage","@id":"https:\/\/www.solucionesie.com.mx\/politica-de-cookies\/","url":"https:\/\/www.solucionesie.com.mx\/politica-de-cookies\/","name":"Pol\u00edtica de cookies - Dise\u00f1o de p\u00e1ginas web","isPartOf":{"@id":"https:\/\/www.solucionesie.com.mx\/#website"},"datePublished":"2023-02-08T15:39:52+00:00","dateModified":"2023-02-08T15:50:01+00:00","breadcrumb":{"@id":"https:\/\/www.solucionesie.com.mx\/politica-de-cookies\/#breadcrumb"},"inLanguage":"it-IT","potentialAction":[{"@type":"ReadAction","target":["https:\/\/www.solucionesie.com.mx\/politica-de-cookies\/"]}]},{"@type":"BreadcrumbList","@id":"https:\/\/www.solucionesie.com.mx\/politica-de-cookies\/#breadcrumb","itemListElement":[{"@type":"ListItem","position":1,"name":"Portada","item":"https:\/\/www.solucionesie.com.mx\/"},{"@type":"ListItem","position":2,"name":"Pol\u00edtica de cookies"}]},{"@type":"WebSite","@id":"https:\/\/www.solucionesie.com.mx\/#website","url":"https:\/\/www.solucionesie.com.mx\/","name":"Realizzazione di siti web","description":"Soluciones IE - Aguascalientes M\u00e9xico","publisher":{"@id":"https:\/\/www.solucionesie.com.mx\/#organization"},"potentialAction":[{"@type":"SearchAction","target":{"@type":"EntryPoint","urlTemplate":"https:\/\/www.solucionesie.com.mx\/?s={search_term_string}"},"query-input":{"@type":"PropertyValueSpecification","valueRequired":true,"valueName":"search_term_string"}}],"inLanguage":"it-IT"},{"@type":"Organization","@id":"https:\/\/www.solucionesie.com.mx\/#organization","name":"Soluciones IE","url":"https:\/\/www.solucionesie.com.mx\/","logo":{"@type":"ImageObject","inLanguage":"it-IT","@id":"https:\/\/www.solucionesie.com.mx\/#\/schema\/logo\/image\/","url":"https:\/\/www.solucionesie.com.mx\/wp-content\/uploads\/2021\/10\/Logo_SolucionesIE_768px.png","contentUrl":"https:\/\/www.solucionesie.com.mx\/wp-content\/uploads\/2021\/10\/Logo_SolucionesIE_768px.png","width":768,"height":432,"caption":"Soluciones IE"},"image":{"@id":"https:\/\/www.solucionesie.com.mx\/#\/schema\/logo\/image\/"},"sameAs":["https:\/\/www.facebook.com\/SolucionesIEAgs","https:\/\/x.com\/SolucionesInf12","https:\/\/www.linkedin.com\/company\/18697668"]}]}},"_links":{"self":[{"href":"https:\/\/www.solucionesie.com.mx\/it\/wp-json\/wp\/v2\/pages\/464","targetHints":{"allow":["GET"]}}],"collection":[{"href":"https:\/\/www.solucionesie.com.mx\/it\/wp-json\/wp\/v2\/pages"}],"about":[{"href":"https:\/\/www.solucionesie.com.mx\/it\/wp-json\/wp\/v2\/types\/page"}],"author":[{"embeddable":true,"href":"https:\/\/www.solucionesie.com.mx\/it\/wp-json\/wp\/v2\/users\/1"}],"replies":[{"embeddable":true,"href":"https:\/\/www.solucionesie.com.mx\/it\/wp-json\/wp\/v2\/comments?post=464"}],"version-history":[{"count":10,"href":"https:\/\/www.solucionesie.com.mx\/it\/wp-json\/wp\/v2\/pages\/464\/revisions"}],"predecessor-version":[{"id":479,"href":"https:\/\/www.solucionesie.com.mx\/it\/wp-json\/wp\/v2\/pages\/464\/revisions\/479"}],"wp:attachment":[{"href":"https:\/\/www.solucionesie.com.mx\/it\/wp-json\/wp\/v2\/media?parent=464"}],"curies":[{"name":"wp","href":"https:\/\/api.w.org\/{rel}","templated":true}]}}