{"id":452,"date":"2023-02-08T09:30:10","date_gmt":"2023-02-08T15:30:10","guid":{"rendered":"https:\/\/www.solucionesie.com.mx\/?page_id=452"},"modified":"2023-02-08T09:40:40","modified_gmt":"2023-02-08T15:40:40","slug":"politica-de-privacidad","status":"publish","type":"page","link":"https:\/\/www.solucionesie.com.mx\/it\/politica-de-privacidad\/","title":{"rendered":"Politica sulla Privacy"},"content":{"rendered":"<div data-elementor-type=\"wp-page\" data-elementor-id=\"452\" class=\"elementor elementor-452\" data-elementor-post-type=\"page\">\n\t\t\t\t\t\t<section class=\"elementor-section elementor-top-section elementor-element elementor-element-9800648 elementor-section-boxed elementor-section-height-default elementor-section-height-default\" data-id=\"9800648\" data-element_type=\"section\" data-e-type=\"section\" data-settings=\"{&quot;background_background&quot;:&quot;classic&quot;}\">\n\t\t\t\t\t\t<div class=\"elementor-container elementor-column-gap-default\">\n\t\t\t\t\t<div class=\"elementor-column elementor-col-100 elementor-top-column elementor-element elementor-element-b2323d1\" data-id=\"b2323d1\" data-element_type=\"column\" data-e-type=\"column\">\n\t\t\t<div class=\"elementor-widget-wrap elementor-element-populated\">\n\t\t\t\t\t\t<section class=\"elementor-section elementor-inner-section elementor-element elementor-element-49d0fcc elementor-section-boxed elementor-section-height-default elementor-section-height-default\" data-id=\"49d0fcc\" data-element_type=\"section\" data-e-type=\"section\">\n\t\t\t\t\t\t<div class=\"elementor-container elementor-column-gap-default\">\n\t\t\t\t\t<div class=\"elementor-column elementor-col-100 elementor-inner-column elementor-element elementor-element-5ebef74\" data-id=\"5ebef74\" data-element_type=\"column\" data-e-type=\"column\">\n\t\t\t<div class=\"elementor-widget-wrap elementor-element-populated\">\n\t\t\t\t\t\t<div class=\"elementor-element elementor-element-466caea elementor-widget elementor-widget-text-editor\" data-id=\"466caea\" data-element_type=\"widget\" data-e-type=\"widget\" data-widget_type=\"text-editor.default\">\n\t\t\t\t<div class=\"elementor-widget-container\">\n\t\t\t\t\t\t\t\t\t<p>Politica sulla Privacy<\/p>\t\t\t\t\t\t\t\t<\/div>\n\t\t\t\t<\/div>\n\t\t\t\t<div class=\"elementor-element elementor-element-a104864 elementor-widget elementor-widget-text-editor\" data-id=\"a104864\" data-element_type=\"widget\" data-e-type=\"widget\" data-widget_type=\"text-editor.default\">\n\t\t\t\t<div class=\"elementor-widget-container\">\n\t\t\t\t\t\t\t\t\t<p>La presente Pol\u00edtica de Privacidad tiene por objeto informarle del tratamiento que reciben sus datos de car\u00e1cter personal, cuando navega o utiliza los servicios incluidos en nuestra p\u00e1gina web, de forma que pueda decidir libremente si desea aportarlos con las finalidades que se recogen en el presente documento.<\/p>\t\t\t\t\t\t\t\t<\/div>\n\t\t\t\t<\/div>\n\t\t\t\t\t<\/div>\n\t\t<\/div>\n\t\t\t\t\t<\/div>\n\t\t<\/section>\n\t\t\t\t<div class=\"elementor-element elementor-element-fcd1565 elementor-widget elementor-widget-text-editor\" data-id=\"fcd1565\" data-element_type=\"widget\" data-e-type=\"widget\" data-widget_type=\"text-editor.default\">\n\t\t\t\t<div class=\"elementor-widget-container\">\n\t\t\t\t\t\t\t\t\t<h3>1. \u00bfQui\u00e9n se responsabiliza de los datos personales que me son solicitados?<\/h3>\t\t\t\t\t\t\t\t<\/div>\n\t\t\t\t<\/div>\n\t\t\t\t<div class=\"elementor-element elementor-element-a24db96 elementor-widget elementor-widget-text-editor\" data-id=\"a24db96\" data-element_type=\"widget\" data-e-type=\"widget\" data-widget_type=\"text-editor.default\">\n\t\t\t\t<div class=\"elementor-widget-container\">\n\t\t\t\t\t\t\t\t\t<p>Te informamos que la entidad responsable de los datos personales que te solicitamos es: Soluciones IE con direcci\u00f3n en calle 16 de septiembre 204-3, centro, Aguascalientes, Ags, M\u00e9xico (en adelante Soluciones IE).<\/p><p>Si desea contactar con nosotros, puedes hacerlo en:<\/p><p>La siguiente direcci\u00f3n de correo electr\u00f3nico: info@solucionesie.com.mx<br \/>El siguiente n\u00famero de tel\u00e9fono: +52 449 994 1069<\/p>\t\t\t\t\t\t\t\t<\/div>\n\t\t\t\t<\/div>\n\t\t\t\t<div class=\"elementor-element elementor-element-42959e3 elementor-widget elementor-widget-text-editor\" data-id=\"42959e3\" data-element_type=\"widget\" data-e-type=\"widget\" data-widget_type=\"text-editor.default\">\n\t\t\t\t<div class=\"elementor-widget-container\">\n\t\t\t\t\t\t\t\t\t<h3>2. \u00bfCon qu\u00e9 finalidad ser\u00e1n tratados mis datos personales?<\/h3>\t\t\t\t\t\t\t\t<\/div>\n\t\t\t\t<\/div>\n\t\t\t\t<div class=\"elementor-element elementor-element-02bb15c elementor-widget elementor-widget-text-editor\" data-id=\"02bb15c\" data-element_type=\"widget\" data-e-type=\"widget\" data-widget_type=\"text-editor.default\">\n\t\t\t\t<div class=\"elementor-widget-container\">\n\t\t\t\t\t\t\t\t\t<p>Tus datos personales ser\u00e1n utilizados para las siguientes finalidades:<\/p><ul><li>Atender a tu solicitud.<\/li><li>En caso de que contrates alguno de nuestros productos o servicios, utilizaremos tus datos personales para la gesti\u00f3n y la facturaci\u00f3n de los mismos.<\/li><li>Si nos remite su curriculum vitae, entendemos que desea que lo conservaremos indefinidamente para hacerle participar en procesos de selecci\u00f3n que podamos realizar, sin perjuicio de que puede solicitar en todo momento la cancelaci\u00f3n de sus datos.<\/li><li>Conservaremos tus datos de contacto para informarte peri\u00f3dicamente sobre los productos y servicios, propios o de terceros que entendamos puedan resultar de tu inter\u00e9s.<\/li><li>Conocer tus gustos y preferencias para mejorar la calidad de nuestros productos y servicios.<\/li><li>Registrar tu direcci\u00f3n IP utilizada para la navegaci\u00f3n en nuestra web y tus h\u00e1bitos de consumo para gestionar nuestras acciones de marketing.<\/li><li>Utilizamos cookies para mejorar y personalizar el servicio ofrecido, as\u00ed como facilitar la navegaci\u00f3n. Si deseas m\u00e1s informaci\u00f3n respecto a las cookies puedes consultarlo en el siguiente enlace: <a href=\"https:\/\/www.solucionesie.com.mx\/it\/politica-de-cookies\/\">www.solucionesie.com.mx\/politica-de-cookies<\/a><\/li><\/ul>\t\t\t\t\t\t\t\t<\/div>\n\t\t\t\t<\/div>\n\t\t\t\t<div class=\"elementor-element elementor-element-cd1aef1 elementor-widget elementor-widget-text-editor\" data-id=\"cd1aef1\" data-element_type=\"widget\" data-e-type=\"widget\" data-widget_type=\"text-editor.default\">\n\t\t\t\t<div class=\"elementor-widget-container\">\n\t\t\t\t\t\t\t\t\t<h3>3. Comunicaciones comerciales<\/h3>\t\t\t\t\t\t\t\t<\/div>\n\t\t\t\t<\/div>\n\t\t\t\t<div class=\"elementor-element elementor-element-0a3a098 elementor-widget elementor-widget-text-editor\" data-id=\"0a3a098\" data-element_type=\"widget\" data-e-type=\"widget\" data-widget_type=\"text-editor.default\">\n\t\t\t\t<div class=\"elementor-widget-container\">\n\t\t\t\t\t\t\t\t\t<p>La aportaci\u00f3n de sus datos personales en cualquiera de nuestros formularios de registro, implica su aceptaci\u00f3n expresa para que podamos enviarle informaci\u00f3n propia o de terceros que entendamos pueda resultarle de inter\u00e9s. El env\u00edo de esta informaci\u00f3n es parte sustancial de nuestro negocio y, por tanto, est\u00e1 asociado a la contrataci\u00f3n de cualquiera de nuestros productos o servicios.<\/p><p>No obstante, le recordamos que puede oponerse en todo momento y de forma gratuita al env\u00edo de estas comunicaciones, enviando un correo electr\u00f3nico a la direcci\u00f3n indicada en el punto primero del presente documento.<\/p>\t\t\t\t\t\t\t\t<\/div>\n\t\t\t\t<\/div>\n\t\t\t\t<div class=\"elementor-element elementor-element-8f85149 elementor-widget elementor-widget-text-editor\" data-id=\"8f85149\" data-element_type=\"widget\" data-e-type=\"widget\" data-widget_type=\"text-editor.default\">\n\t\t\t\t<div class=\"elementor-widget-container\">\n\t\t\t\t\t\t\t\t\t<h3>4. \u00bfCu\u00e1nto tiempo conservar\u00e1n mis datos personales?<\/h3>\t\t\t\t\t\t\t\t<\/div>\n\t\t\t\t<\/div>\n\t\t\t\t<div class=\"elementor-element elementor-element-6b81c1d elementor-widget elementor-widget-text-editor\" data-id=\"6b81c1d\" data-element_type=\"widget\" data-e-type=\"widget\" data-widget_type=\"text-editor.default\">\n\t\t\t\t<div class=\"elementor-widget-container\">\n\t\t\t\t\t\t\t\t\t<p>Tus datos personales se conservar\u00e1n el tiempo estrictamente necesario para prestarte el servicio o producto contratado. Una vez finalizado el servicio, y\/o la garant\u00eda sobre los productos adquiridos conservaremos tus datos durante cinco a\u00f1os, que es el plazo est\u00e1ndar de prescripci\u00f3n de responsabilidades civiles o mercantiles. No obstante, debes ser consciente que estos plazos de conservaci\u00f3n podr\u00edan verse ampliados por modificaciones legales o apreciaci\u00f3n de responsabilidades penales. Una vez prescritas las responsabilidades derivadas del contrato, procederemos a la destrucci\u00f3n de todos tus datos personales.<\/p><p>Queremos conservar tus datos de contacto de forma indefinida para enviarte informaci\u00f3n peri\u00f3dica sobre productos y\/o servicios, propios o de terceros, que entendamos puedan resultar de tu inter\u00e9s. Si no deseas recibir informaci\u00f3n comercial, propia o de terceros, puedes oponerte indic\u00e1ndolo en la siguiente direcci\u00f3n: <a href=\"mailto:info@solucionesie.com.mx\">info@solucionesie.com.mx<\/a><\/p>\t\t\t\t\t\t\t\t<\/div>\n\t\t\t\t<\/div>\n\t\t\t\t<div class=\"elementor-element elementor-element-5879dba elementor-widget elementor-widget-text-editor\" data-id=\"5879dba\" data-element_type=\"widget\" data-e-type=\"widget\" data-widget_type=\"text-editor.default\">\n\t\t\t\t<div class=\"elementor-widget-container\">\n\t\t\t\t\t\t\t\t\t<h3>5. \u00bfQu\u00e9 datos debo facilitar?<\/h3>\t\t\t\t\t\t\t\t<\/div>\n\t\t\t\t<\/div>\n\t\t\t\t<div class=\"elementor-element elementor-element-37f285a elementor-widget elementor-widget-text-editor\" data-id=\"37f285a\" data-element_type=\"widget\" data-e-type=\"widget\" data-widget_type=\"text-editor.default\">\n\t\t\t\t<div class=\"elementor-widget-container\">\n\t\t\t\t\t\t\t\t\t<p>Todos los datos personales solicitados que van marcados con un asterisco son imprescindibles para adquirir o contratar nuestros productos y\/o servicios. Si no facilitas alguno de estos datos obligatorios no podremos atenderte.<\/p>\t\t\t\t\t\t\t\t<\/div>\n\t\t\t\t<\/div>\n\t\t\t\t<div class=\"elementor-element elementor-element-cf8f24a elementor-widget elementor-widget-text-editor\" data-id=\"cf8f24a\" data-element_type=\"widget\" data-e-type=\"widget\" data-widget_type=\"text-editor.default\">\n\t\t\t\t<div class=\"elementor-widget-container\">\n\t\t\t\t\t\t\t\t\t<h3>6. \u00bfMis datos personales ser\u00e1n cedidos a terceros?<\/h3>\t\t\t\t\t\t\t\t<\/div>\n\t\t\t\t<\/div>\n\t\t\t\t<div class=\"elementor-element elementor-element-ce4736b elementor-widget elementor-widget-text-editor\" data-id=\"ce4736b\" data-element_type=\"widget\" data-e-type=\"widget\" data-widget_type=\"text-editor.default\">\n\t\t\t\t<div class=\"elementor-widget-container\">\n\t\t\t\t\t\t\t\t\t<p>No, tus datos no son cedidos a terceros, salvo que sea imprescindible para prestarle el servicio solicitado.<\/p>\t\t\t\t\t\t\t\t<\/div>\n\t\t\t\t<\/div>\n\t\t\t\t<div class=\"elementor-element elementor-element-58d6999 elementor-widget elementor-widget-text-editor\" data-id=\"58d6999\" data-element_type=\"widget\" data-e-type=\"widget\" data-widget_type=\"text-editor.default\">\n\t\t\t\t<div class=\"elementor-widget-container\">\n\t\t\t\t\t\t\t\t\t<h3>7. Cookies<\/h3>\t\t\t\t\t\t\t\t<\/div>\n\t\t\t\t<\/div>\n\t\t\t\t<div class=\"elementor-element elementor-element-9112a04 elementor-widget elementor-widget-text-editor\" data-id=\"9112a04\" data-element_type=\"widget\" data-e-type=\"widget\" data-widget_type=\"text-editor.default\">\n\t\t\t\t<div class=\"elementor-widget-container\">\n\t\t\t\t\t\t\t\t\t<p>Te informamos de que Soluciones IE tiene instaladas cookies en sus sistemas, con la \u00fanica finalidad de mejorar y personalizar el servicio ofrecido as\u00ed como facilitar la navegaci\u00f3n, las cookies se asocian \u00fanicamente a un usuario an\u00f3nimo y un ordenador, no permitiendo el acceso a datos de car\u00e1cter personal. Las cookies son peque\u00f1os archivos de texto que almacena el navegador en el disco duro de su ordenador. Cuando navegas a trav\u00e9s de nuestra p\u00e1gina web, nuestro servidor podr\u00e1 reconocer la cookies y proporcionarnos informaci\u00f3n. La mayor\u00eda de los navegadores aceptan la utilizaci\u00f3n de cookies de forma autom\u00e1tica, pero puedes configurar tu navegador para ser avisado en tu pantalla de ordenador de la recepci\u00f3n de cookies y poder impedir su instalaci\u00f3n en tu disco duro.<\/p>\t\t\t\t\t\t\t\t<\/div>\n\t\t\t\t<\/div>\n\t\t\t\t<div class=\"elementor-element elementor-element-003f362 elementor-widget elementor-widget-text-editor\" data-id=\"003f362\" data-element_type=\"widget\" data-e-type=\"widget\" data-widget_type=\"text-editor.default\">\n\t\t\t\t<div class=\"elementor-widget-container\">\n\t\t\t\t\t\t\t\t\t<h3>8. Calidad de los datos<\/h3>\t\t\t\t\t\t\t\t<\/div>\n\t\t\t\t<\/div>\n\t\t\t\t<div class=\"elementor-element elementor-element-cdc2e89 elementor-widget elementor-widget-text-editor\" data-id=\"cdc2e89\" data-element_type=\"widget\" data-e-type=\"widget\" data-widget_type=\"text-editor.default\">\n\t\t\t\t<div class=\"elementor-widget-container\">\n\t\t\t\t\t\t\t\t\t<p>El Usuario garantiza que los Datos Personales facilitados a Soluciones IE son veraces y se hace responsable de comunicar cualquier modificaci\u00f3n en los mismos. El Usuario ser\u00e1 el \u00fanico responsable de cualquier da\u00f1o o perjuicio, directo o indirecto, que pudiera ocasionar a Soluciones IE o a cualquier tercero a causa de la cumplimentaci\u00f3n de los formularios con datos falsos, inexactos, incompletos o no actualizados. El Usuario no deber\u00e1 incluir datos personales de terceros sin su consentimiento informado previo de lo establecido en la presente pol\u00edtica de privacidad, siendo el \u00fanico responsable de su introducci\u00f3n.<\/p>\t\t\t\t\t\t\t\t<\/div>\n\t\t\t\t<\/div>\n\t\t\t\t<div class=\"elementor-element elementor-element-8c924ef elementor-widget elementor-widget-text-editor\" data-id=\"8c924ef\" data-element_type=\"widget\" data-e-type=\"widget\" data-widget_type=\"text-editor.default\">\n\t\t\t\t<div class=\"elementor-widget-container\">\n\t\t\t\t\t\t\t\t\t<h3>9. Confidencialidad<\/h3>\t\t\t\t\t\t\t\t<\/div>\n\t\t\t\t<\/div>\n\t\t\t\t<div class=\"elementor-element elementor-element-d56b637 elementor-widget elementor-widget-text-editor\" data-id=\"d56b637\" data-element_type=\"widget\" data-e-type=\"widget\" data-widget_type=\"text-editor.default\">\n\t\t\t\t<div class=\"elementor-widget-container\">\n\t\t\t\t\t\t\t\t\t<p>Sus datos personales son clasificados como informaci\u00f3n confidencial, por tanto, todo tratamiento sobre estos datos se realizar\u00e1 garantizando el m\u00e1ximo secreto frente a terceros y aplicando las medidas de seguridad necesarias para garantizar su seguridad.<\/p>\t\t\t\t\t\t\t\t<\/div>\n\t\t\t\t<\/div>\n\t\t\t\t<div class=\"elementor-element elementor-element-8f476d1 elementor-widget elementor-widget-text-editor\" data-id=\"8f476d1\" data-element_type=\"widget\" data-e-type=\"widget\" data-widget_type=\"text-editor.default\">\n\t\t\t\t<div class=\"elementor-widget-container\">\n\t\t\t\t\t\t\t\t\t<h3>10. Medidas de seguridad<\/h3>\t\t\t\t\t\t\t\t<\/div>\n\t\t\t\t<\/div>\n\t\t\t\t<div class=\"elementor-element elementor-element-31be7da elementor-widget elementor-widget-text-editor\" data-id=\"31be7da\" data-element_type=\"widget\" data-e-type=\"widget\" data-widget_type=\"text-editor.default\">\n\t\t\t\t<div class=\"elementor-widget-container\">\n\t\t\t\t\t\t\t\t\t<p>Soluciones IE ha adoptado las medidas necesarias para evitar la alteraci\u00f3n, p\u00e9rdida, tratamiento o acceso no autorizado de los datos personales, conociendo en todo momento el estado de la tecnolog\u00eda, la naturaleza de los datos almacenados y los riesgos a los que est\u00e1n expuestos, ya provengan de la acci\u00f3n humana o del medio f\u00edsico o natural, no obstante, el Usuario debe ser consciente de que las medidas de seguridad en Internet no son inexpugnables.<\/p>\t\t\t\t\t\t\t\t<\/div>\n\t\t\t\t<\/div>\n\t\t\t\t<div class=\"elementor-element elementor-element-372c500 elementor-widget elementor-widget-text-editor\" data-id=\"372c500\" data-element_type=\"widget\" data-e-type=\"widget\" data-widget_type=\"text-editor.default\">\n\t\t\t\t<div class=\"elementor-widget-container\">\n\t\t\t\t\t\t\t\t\t<h3>11. Condiciones particulares<\/h3>\t\t\t\t\t\t\t\t<\/div>\n\t\t\t\t<\/div>\n\t\t\t\t<div class=\"elementor-element elementor-element-b5d750c elementor-widget elementor-widget-text-editor\" data-id=\"b5d750c\" data-element_type=\"widget\" data-e-type=\"widget\" data-widget_type=\"text-editor.default\">\n\t\t\t\t<div class=\"elementor-widget-container\">\n\t\t\t\t\t\t\t\t\t<p>Ciertos servicios prestados por Soluciones IE, pueden contener condiciones particulares con previsiones espec\u00edficas en materia de protecci\u00f3n de datos personales, siendo por tanto de aplicaci\u00f3n las condiciones particulares de cada caso. En todo lo no regulado por las condiciones particulares ser\u00e1 de aplicaci\u00f3n supletoria las condiciones generales recogidas en la presente pol\u00edtica de privacidad.<\/p>\t\t\t\t\t\t\t\t<\/div>\n\t\t\t\t<\/div>\n\t\t\t\t\t<\/div>\n\t\t<\/div>\n\t\t\t\t\t<\/div>\n\t\t<\/section>\n\t\t\t\t<\/div>","protected":false},"excerpt":{"rendered":"<p>Pol\u00edtica de Privacidad La presente Pol\u00edtica de Privacidad tiene por objeto informarle del tratamiento que reciben sus datos de car\u00e1cter personal, cuando navega o utiliza los servicios incluidos en nuestra p\u00e1gina web, de forma que pueda decidir libremente si desea aportarlos con las finalidades que se recogen en el presente documento. 1. \u00bfQui\u00e9n se responsabiliza [&hellip;]<\/p>\n","protected":false},"author":1,"featured_media":0,"parent":0,"menu_order":0,"comment_status":"closed","ping_status":"closed","template":"","meta":{"_joinchat":[],"footnotes":""},"class_list":["post-452","page","type-page","status-publish","hentry"],"yoast_head":"<!-- This site is optimized with the Yoast SEO plugin v27.4 - https:\/\/yoast.com\/product\/yoast-seo-wordpress\/ -->\n<title>Pol\u00edtica de Privacidad - Dise\u00f1o de p\u00e1ginas web<\/title>\n<meta name=\"robots\" content=\"index, follow, max-snippet:-1, max-image-preview:large, max-video-preview:-1\" \/>\n<link rel=\"canonical\" href=\"https:\/\/www.solucionesie.com.mx\/it\/politica-de-privacidad\/\" \/>\n<meta property=\"og:locale\" content=\"it_IT\" \/>\n<meta property=\"og:type\" content=\"article\" \/>\n<meta property=\"og:title\" content=\"Pol\u00edtica de Privacidad - Dise\u00f1o de p\u00e1ginas web\" \/>\n<meta property=\"og:description\" content=\"Pol\u00edtica de Privacidad La presente Pol\u00edtica de Privacidad tiene por objeto informarle del tratamiento que reciben sus datos de car\u00e1cter personal, cuando navega o utiliza los servicios incluidos en nuestra p\u00e1gina web, de forma que pueda decidir libremente si desea aportarlos con las finalidades que se recogen en el presente documento. 1. \u00bfQui\u00e9n se responsabiliza [&hellip;]\" \/>\n<meta property=\"og:url\" content=\"https:\/\/www.solucionesie.com.mx\/it\/politica-de-privacidad\/\" \/>\n<meta property=\"og:site_name\" content=\"Dise\u00f1o de p\u00e1ginas web\" \/>\n<meta property=\"article:publisher\" content=\"https:\/\/www.facebook.com\/SolucionesIEAgs\" \/>\n<meta property=\"article:modified_time\" content=\"2023-02-08T15:40:40+00:00\" \/>\n<meta property=\"og:image\" content=\"https:\/\/www.solucionesie.com.mx\/wp-content\/uploads\/2021\/11\/Logo_SolucionesIE_ico.png\" \/>\n\t<meta property=\"og:image:width\" content=\"750\" \/>\n\t<meta property=\"og:image:height\" content=\"750\" \/>\n\t<meta property=\"og:image:type\" content=\"image\/png\" \/>\n<meta name=\"twitter:card\" content=\"summary_large_image\" \/>\n<meta name=\"twitter:site\" content=\"@SolucionesInf12\" \/>\n<meta name=\"twitter:label1\" content=\"Tempo di lettura stimato\" \/>\n\t<meta name=\"twitter:data1\" content=\"5 minuti\" \/>\n<script type=\"application\/ld+json\" class=\"yoast-schema-graph\">{\"@context\":\"https:\\\/\\\/schema.org\",\"@graph\":[{\"@type\":\"WebPage\",\"@id\":\"https:\\\/\\\/www.solucionesie.com.mx\\\/politica-de-privacidad\\\/\",\"url\":\"https:\\\/\\\/www.solucionesie.com.mx\\\/politica-de-privacidad\\\/\",\"name\":\"Pol\u00edtica de Privacidad - Dise\u00f1o de p\u00e1ginas web\",\"isPartOf\":{\"@id\":\"https:\\\/\\\/www.solucionesie.com.mx\\\/#website\"},\"datePublished\":\"2023-02-08T15:30:10+00:00\",\"dateModified\":\"2023-02-08T15:40:40+00:00\",\"breadcrumb\":{\"@id\":\"https:\\\/\\\/www.solucionesie.com.mx\\\/politica-de-privacidad\\\/#breadcrumb\"},\"inLanguage\":\"it-IT\",\"potentialAction\":[{\"@type\":\"ReadAction\",\"target\":[\"https:\\\/\\\/www.solucionesie.com.mx\\\/politica-de-privacidad\\\/\"]}]},{\"@type\":\"BreadcrumbList\",\"@id\":\"https:\\\/\\\/www.solucionesie.com.mx\\\/politica-de-privacidad\\\/#breadcrumb\",\"itemListElement\":[{\"@type\":\"ListItem\",\"position\":1,\"name\":\"Portada\",\"item\":\"https:\\\/\\\/www.solucionesie.com.mx\\\/\"},{\"@type\":\"ListItem\",\"position\":2,\"name\":\"Pol\u00edtica de Privacidad\"}]},{\"@type\":\"WebSite\",\"@id\":\"https:\\\/\\\/www.solucionesie.com.mx\\\/#website\",\"url\":\"https:\\\/\\\/www.solucionesie.com.mx\\\/\",\"name\":\"Dise\u00f1o de p\u00e1ginas web\",\"description\":\"Soluciones IE - Aguascalientes M\u00e9xico\",\"publisher\":{\"@id\":\"https:\\\/\\\/www.solucionesie.com.mx\\\/#organization\"},\"potentialAction\":[{\"@type\":\"SearchAction\",\"target\":{\"@type\":\"EntryPoint\",\"urlTemplate\":\"https:\\\/\\\/www.solucionesie.com.mx\\\/?s={search_term_string}\"},\"query-input\":{\"@type\":\"PropertyValueSpecification\",\"valueRequired\":true,\"valueName\":\"search_term_string\"}}],\"inLanguage\":\"it-IT\"},{\"@type\":\"Organization\",\"@id\":\"https:\\\/\\\/www.solucionesie.com.mx\\\/#organization\",\"name\":\"Soluciones IE\",\"url\":\"https:\\\/\\\/www.solucionesie.com.mx\\\/\",\"logo\":{\"@type\":\"ImageObject\",\"inLanguage\":\"it-IT\",\"@id\":\"https:\\\/\\\/www.solucionesie.com.mx\\\/#\\\/schema\\\/logo\\\/image\\\/\",\"url\":\"https:\\\/\\\/www.solucionesie.com.mx\\\/wp-content\\\/uploads\\\/2021\\\/10\\\/Logo_SolucionesIE_768px.png\",\"contentUrl\":\"https:\\\/\\\/www.solucionesie.com.mx\\\/wp-content\\\/uploads\\\/2021\\\/10\\\/Logo_SolucionesIE_768px.png\",\"width\":768,\"height\":432,\"caption\":\"Soluciones IE\"},\"image\":{\"@id\":\"https:\\\/\\\/www.solucionesie.com.mx\\\/#\\\/schema\\\/logo\\\/image\\\/\"},\"sameAs\":[\"https:\\\/\\\/www.facebook.com\\\/SolucionesIEAgs\",\"https:\\\/\\\/x.com\\\/SolucionesInf12\",\"https:\\\/\\\/www.linkedin.com\\\/company\\\/18697668\"]}]}<\/script>\n<!-- \/ Yoast SEO plugin. -->","yoast_head_json":{"title":"Pol\u00edtica de Privacidad - Dise\u00f1o de p\u00e1ginas web","robots":{"index":"index","follow":"follow","max-snippet":"max-snippet:-1","max-image-preview":"max-image-preview:large","max-video-preview":"max-video-preview:-1"},"canonical":"https:\/\/www.solucionesie.com.mx\/it\/politica-de-privacidad\/","og_locale":"it_IT","og_type":"article","og_title":"Pol\u00edtica de Privacidad - Dise\u00f1o de p\u00e1ginas web","og_description":"Pol\u00edtica de Privacidad La presente Pol\u00edtica de Privacidad tiene por objeto informarle del tratamiento que reciben sus datos de car\u00e1cter personal, cuando navega o utiliza los servicios incluidos en nuestra p\u00e1gina web, de forma que pueda decidir libremente si desea aportarlos con las finalidades que se recogen en el presente documento. 1. \u00bfQui\u00e9n se responsabiliza [&hellip;]","og_url":"https:\/\/www.solucionesie.com.mx\/it\/politica-de-privacidad\/","og_site_name":"Dise\u00f1o de p\u00e1ginas web","article_publisher":"https:\/\/www.facebook.com\/SolucionesIEAgs","article_modified_time":"2023-02-08T15:40:40+00:00","og_image":[{"width":750,"height":750,"url":"https:\/\/www.solucionesie.com.mx\/wp-content\/uploads\/2021\/11\/Logo_SolucionesIE_ico.png","type":"image\/png"}],"twitter_card":"summary_large_image","twitter_site":"@SolucionesInf12","twitter_misc":{"Tempo di lettura stimato":"5 minuti"},"schema":{"@context":"https:\/\/schema.org","@graph":[{"@type":"WebPage","@id":"https:\/\/www.solucionesie.com.mx\/politica-de-privacidad\/","url":"https:\/\/www.solucionesie.com.mx\/politica-de-privacidad\/","name":"Pol\u00edtica de Privacidad - Dise\u00f1o de p\u00e1ginas web","isPartOf":{"@id":"https:\/\/www.solucionesie.com.mx\/#website"},"datePublished":"2023-02-08T15:30:10+00:00","dateModified":"2023-02-08T15:40:40+00:00","breadcrumb":{"@id":"https:\/\/www.solucionesie.com.mx\/politica-de-privacidad\/#breadcrumb"},"inLanguage":"it-IT","potentialAction":[{"@type":"ReadAction","target":["https:\/\/www.solucionesie.com.mx\/politica-de-privacidad\/"]}]},{"@type":"BreadcrumbList","@id":"https:\/\/www.solucionesie.com.mx\/politica-de-privacidad\/#breadcrumb","itemListElement":[{"@type":"ListItem","position":1,"name":"Portada","item":"https:\/\/www.solucionesie.com.mx\/"},{"@type":"ListItem","position":2,"name":"Pol\u00edtica de Privacidad"}]},{"@type":"WebSite","@id":"https:\/\/www.solucionesie.com.mx\/#website","url":"https:\/\/www.solucionesie.com.mx\/","name":"Realizzazione di siti web","description":"Soluciones IE - Aguascalientes M\u00e9xico","publisher":{"@id":"https:\/\/www.solucionesie.com.mx\/#organization"},"potentialAction":[{"@type":"SearchAction","target":{"@type":"EntryPoint","urlTemplate":"https:\/\/www.solucionesie.com.mx\/?s={search_term_string}"},"query-input":{"@type":"PropertyValueSpecification","valueRequired":true,"valueName":"search_term_string"}}],"inLanguage":"it-IT"},{"@type":"Organization","@id":"https:\/\/www.solucionesie.com.mx\/#organization","name":"Soluciones IE","url":"https:\/\/www.solucionesie.com.mx\/","logo":{"@type":"ImageObject","inLanguage":"it-IT","@id":"https:\/\/www.solucionesie.com.mx\/#\/schema\/logo\/image\/","url":"https:\/\/www.solucionesie.com.mx\/wp-content\/uploads\/2021\/10\/Logo_SolucionesIE_768px.png","contentUrl":"https:\/\/www.solucionesie.com.mx\/wp-content\/uploads\/2021\/10\/Logo_SolucionesIE_768px.png","width":768,"height":432,"caption":"Soluciones IE"},"image":{"@id":"https:\/\/www.solucionesie.com.mx\/#\/schema\/logo\/image\/"},"sameAs":["https:\/\/www.facebook.com\/SolucionesIEAgs","https:\/\/x.com\/SolucionesInf12","https:\/\/www.linkedin.com\/company\/18697668"]}]}},"_links":{"self":[{"href":"https:\/\/www.solucionesie.com.mx\/it\/wp-json\/wp\/v2\/pages\/452","targetHints":{"allow":["GET"]}}],"collection":[{"href":"https:\/\/www.solucionesie.com.mx\/it\/wp-json\/wp\/v2\/pages"}],"about":[{"href":"https:\/\/www.solucionesie.com.mx\/it\/wp-json\/wp\/v2\/types\/page"}],"author":[{"embeddable":true,"href":"https:\/\/www.solucionesie.com.mx\/it\/wp-json\/wp\/v2\/users\/1"}],"replies":[{"embeddable":true,"href":"https:\/\/www.solucionesie.com.mx\/it\/wp-json\/wp\/v2\/comments?post=452"}],"version-history":[{"count":14,"href":"https:\/\/www.solucionesie.com.mx\/it\/wp-json\/wp\/v2\/pages\/452\/revisions"}],"predecessor-version":[{"id":472,"href":"https:\/\/www.solucionesie.com.mx\/it\/wp-json\/wp\/v2\/pages\/452\/revisions\/472"}],"wp:attachment":[{"href":"https:\/\/www.solucionesie.com.mx\/it\/wp-json\/wp\/v2\/media?parent=452"}],"curies":[{"name":"wp","href":"https:\/\/api.w.org\/{rel}","templated":true}]}}