{"id":335,"date":"2023-02-03T14:21:50","date_gmt":"2023-02-03T20:21:50","guid":{"rendered":"https:\/\/www.solucionesie.com.mx\/?page_id=335"},"modified":"2023-06-06T08:32:35","modified_gmt":"2023-06-06T14:32:35","slug":"contacto","status":"publish","type":"page","link":"https:\/\/www.solucionesie.com.mx\/it\/contacto\/","title":{"rendered":"Contatto"},"content":{"rendered":"\t\t<div data-elementor-type=\"wp-page\" data-elementor-id=\"335\" class=\"elementor elementor-335\" data-elementor-post-type=\"page\">\n\t\t\t\t\t\t<section class=\"elementor-section elementor-top-section elementor-element elementor-element-494b8fa elementor-section-boxed elementor-section-height-default elementor-section-height-default\" data-id=\"494b8fa\" data-element_type=\"section\" data-e-type=\"section\" data-settings=\"{&quot;background_background&quot;:&quot;classic&quot;}\">\n\t\t\t\t\t\t<div class=\"elementor-container elementor-column-gap-default\">\n\t\t\t\t\t<div class=\"elementor-column elementor-col-100 elementor-top-column elementor-element elementor-element-7ef36cd\" data-id=\"7ef36cd\" data-element_type=\"column\" data-e-type=\"column\">\n\t\t\t<div class=\"elementor-widget-wrap elementor-element-populated\">\n\t\t\t\t\t\t<div class=\"elementor-element elementor-element-5acc1db elementor-widget elementor-widget-text-editor\" data-id=\"5acc1db\" data-element_type=\"widget\" data-e-type=\"widget\" data-widget_type=\"text-editor.default\">\n\t\t\t\t<div class=\"elementor-widget-container\">\n\t\t\t\t\t\t\t\t\t<h2>Contacto<\/h2>\t\t\t\t\t\t\t\t<\/div>\n\t\t\t\t<\/div>\n\t\t\t\t<section class=\"elementor-section elementor-inner-section elementor-element elementor-element-c329307 elementor-section-boxed elementor-section-height-default elementor-section-height-default\" data-id=\"c329307\" data-element_type=\"section\" data-e-type=\"section\">\n\t\t\t\t\t\t<div class=\"elementor-container elementor-column-gap-default\">\n\t\t\t\t\t<div class=\"elementor-column elementor-col-33 elementor-inner-column elementor-element elementor-element-95c43be\" data-id=\"95c43be\" data-element_type=\"column\" data-e-type=\"column\" data-settings=\"{&quot;background_background&quot;:&quot;gradient&quot;}\">\n\t\t\t<div class=\"elementor-widget-wrap elementor-element-populated\">\n\t\t\t\t\t\t<div class=\"elementor-element elementor-element-87353e8 elementor-view-default elementor-position-block-start elementor-mobile-position-block-start elementor-widget elementor-widget-icon-box\" data-id=\"87353e8\" data-element_type=\"widget\" data-e-type=\"widget\" data-widget_type=\"icon-box.default\">\n\t\t\t\t<div class=\"elementor-widget-container\">\n\t\t\t\t\t\t\t<div class=\"elementor-icon-box-wrapper\">\n\n\t\t\t\t\t\t<div class=\"elementor-icon-box-icon\">\n\t\t\t\t<span  class=\"elementor-icon\">\n\t\t\t\t<i aria-hidden=\"true\" class=\"fas fa-phone-alt\"><\/i>\t\t\t\t<\/span>\n\t\t\t<\/div>\n\t\t\t\n\t\t\t\t\t\t<div class=\"elementor-icon-box-content\">\n\n\t\t\t\t\t\t\t\t\t<h3 class=\"elementor-icon-box-title\">\n\t\t\t\t\t\t<span  >\n\t\t\t\t\t\t\tTel\u00e9fono\t\t\t\t\t\t<\/span>\n\t\t\t\t\t<\/h3>\n\t\t\t\t\n\t\t\t\t\t\t\t\t\t<p class=\"elementor-icon-box-description\">\n\t\t\t\t\t\t+52 449 994 1069\t\t\t\t\t<\/p>\n\t\t\t\t\n\t\t\t<\/div>\n\t\t\t\n\t\t<\/div>\n\t\t\t\t\t\t<\/div>\n\t\t\t\t<\/div>\n\t\t\t\t\t<\/div>\n\t\t<\/div>\n\t\t\t\t<div class=\"elementor-column elementor-col-33 elementor-inner-column elementor-element elementor-element-c58b1b7\" data-id=\"c58b1b7\" data-element_type=\"column\" data-e-type=\"column\" data-settings=\"{&quot;background_background&quot;:&quot;gradient&quot;}\">\n\t\t\t<div class=\"elementor-widget-wrap elementor-element-populated\">\n\t\t\t\t\t\t<div class=\"elementor-element elementor-element-ade77c3 elementor-view-default elementor-position-block-start elementor-mobile-position-block-start elementor-widget elementor-widget-icon-box\" data-id=\"ade77c3\" data-element_type=\"widget\" data-e-type=\"widget\" data-widget_type=\"icon-box.default\">\n\t\t\t\t<div class=\"elementor-widget-container\">\n\t\t\t\t\t\t\t<div class=\"elementor-icon-box-wrapper\">\n\n\t\t\t\t\t\t<div class=\"elementor-icon-box-icon\">\n\t\t\t\t<a href=\"mailto:info@solucionesie.com.mx\" class=\"elementor-icon\" tabindex=\"-1\" aria-label=\"E-mail\">\n\t\t\t\t<i aria-hidden=\"true\" class=\"far fa-envelope\"><\/i>\t\t\t\t<\/a>\n\t\t\t<\/div>\n\t\t\t\n\t\t\t\t\t\t<div class=\"elementor-icon-box-content\">\n\n\t\t\t\t\t\t\t\t\t<h3 class=\"elementor-icon-box-title\">\n\t\t\t\t\t\t<a href=\"mailto:info@solucionesie.com.mx\" >\n\t\t\t\t\t\t\tE-mail\t\t\t\t\t\t<\/a>\n\t\t\t\t\t<\/h3>\n\t\t\t\t\n\t\t\t\t\t\t\t\t\t<p class=\"elementor-icon-box-description\">\n\t\t\t\t\t\tinfo@solucionesie.com.mx\t\t\t\t\t<\/p>\n\t\t\t\t\n\t\t\t<\/div>\n\t\t\t\n\t\t<\/div>\n\t\t\t\t\t\t<\/div>\n\t\t\t\t<\/div>\n\t\t\t\t\t<\/div>\n\t\t<\/div>\n\t\t\t\t<div class=\"elementor-column elementor-col-33 elementor-inner-column elementor-element elementor-element-5a0f5b4\" data-id=\"5a0f5b4\" data-element_type=\"column\" data-e-type=\"column\" data-settings=\"{&quot;background_background&quot;:&quot;gradient&quot;}\">\n\t\t\t<div class=\"elementor-widget-wrap elementor-element-populated\">\n\t\t\t\t\t\t<div class=\"elementor-element elementor-element-a7436a8 elementor-view-default elementor-position-block-start elementor-mobile-position-block-start elementor-widget elementor-widget-icon-box\" data-id=\"a7436a8\" data-element_type=\"widget\" data-e-type=\"widget\" data-widget_type=\"icon-box.default\">\n\t\t\t\t<div class=\"elementor-widget-container\">\n\t\t\t\t\t\t\t<div class=\"elementor-icon-box-wrapper\">\n\n\t\t\t\t\t\t<div class=\"elementor-icon-box-icon\">\n\t\t\t\t<span  class=\"elementor-icon\">\n\t\t\t\t<i aria-hidden=\"true\" class=\"fas fa-map-marked-alt\"><\/i>\t\t\t\t<\/span>\n\t\t\t<\/div>\n\t\t\t\n\t\t\t\t\t\t<div class=\"elementor-icon-box-content\">\n\n\t\t\t\t\t\t\t\t\t<h3 class=\"elementor-icon-box-title\">\n\t\t\t\t\t\t<span  >\n\t\t\t\t\t\t\tUbicaci\u00f3n\t\t\t\t\t\t<\/span>\n\t\t\t\t\t<\/h3>\n\t\t\t\t\n\t\t\t\t\t\t\t\t\t<p class=\"elementor-icon-box-description\">\n\t\t\t\t\t\tCalle 16 de septiembre 204-3<br>\n20000 centro, Aguascalientes, Ags.<br>\nM\u00e9xico\t\t\t\t\t<\/p>\n\t\t\t\t\n\t\t\t<\/div>\n\t\t\t\n\t\t<\/div>\n\t\t\t\t\t\t<\/div>\n\t\t\t\t<\/div>\n\t\t\t\t\t<\/div>\n\t\t<\/div>\n\t\t\t\t\t<\/div>\n\t\t<\/section>\n\t\t\t\t\t<\/div>\n\t\t<\/div>\n\t\t\t\t\t<\/div>\n\t\t<\/section>\n\t\t\t\t<section class=\"elementor-section elementor-top-section elementor-element elementor-element-c582a7b elementor-section-full_width elementor-section-height-default elementor-section-height-default\" data-id=\"c582a7b\" data-element_type=\"section\" data-e-type=\"section\">\n\t\t\t\t\t\t<div class=\"elementor-container elementor-column-gap-default\">\n\t\t\t\t\t<div class=\"elementor-column elementor-col-100 elementor-top-column elementor-element elementor-element-f86c899\" data-id=\"f86c899\" data-element_type=\"column\" data-e-type=\"column\">\n\t\t\t<div class=\"elementor-widget-wrap elementor-element-populated\">\n\t\t\t\t\t\t<div class=\"elementor-element elementor-element-0dd1ce9 elementor-widget elementor-widget-google_maps\" data-id=\"0dd1ce9\" data-element_type=\"widget\" data-e-type=\"widget\" data-widget_type=\"google_maps.default\">\n\t\t\t\t<div class=\"elementor-widget-container\">\n\t\t\t\t\t\t\t<div class=\"elementor-custom-embed\">\n\t\t\t<iframe loading=\"lazy\"\n\t\t\t\t\tsrc=\"https:\/\/maps.google.com\/maps?q=soluciones%20ie%20calle%2016%20de%20septiembre%20204%2020000%20aguascalientes&#038;t=m&#038;z=15&#038;output=embed&#038;iwloc=near\"\n\t\t\t\t\ttitle=\"soluciones ie calle 16 de septiembre 204 20000 aguascalientes\"\n\t\t\t\t\taria-label=\"soluciones ie calle 16 de septiembre 204 20000 aguascalientes\"\n\t\t\t><\/iframe>\n\t\t<\/div>\n\t\t\t\t\t\t<\/div>\n\t\t\t\t<\/div>\n\t\t\t\t\t<\/div>\n\t\t<\/div>\n\t\t\t\t\t<\/div>\n\t\t<\/section>\n\t\t\t\t<section class=\"elementor-section elementor-top-section elementor-element elementor-element-af0cd1a elementor-section-boxed elementor-section-height-default elementor-section-height-default\" data-id=\"af0cd1a\" data-element_type=\"section\" data-e-type=\"section\" data-settings=\"{&quot;background_background&quot;:&quot;classic&quot;}\">\n\t\t\t\t\t\t<div class=\"elementor-container elementor-column-gap-default\">\n\t\t\t\t\t<div class=\"elementor-column elementor-col-100 elementor-top-column elementor-element elementor-element-311315e\" data-id=\"311315e\" data-element_type=\"column\" data-e-type=\"column\">\n\t\t\t<div class=\"elementor-widget-wrap elementor-element-populated\">\n\t\t\t\t\t\t<div class=\"elementor-element elementor-element-c0c2c0b elementor-widget elementor-widget-text-editor\" data-id=\"c0c2c0b\" data-element_type=\"widget\" data-e-type=\"widget\" data-widget_type=\"text-editor.default\">\n\t\t\t\t<div class=\"elementor-widget-container\">\n\t\t\t\t\t\t\t\t\t<h1>Perm\u00edtanos ayudarte a realizar tus sue\u00f1os<\/h1>\t\t\t\t\t\t\t\t<\/div>\n\t\t\t\t<\/div>\n\t\t\t\t<div class=\"elementor-element elementor-element-d90da37 elementor-widget elementor-widget-text-editor\" data-id=\"d90da37\" data-element_type=\"widget\" data-e-type=\"widget\" data-widget_type=\"text-editor.default\">\n\t\t\t\t<div class=\"elementor-widget-container\">\n\t\t\t\t\t\t\t\t\t<h5>\u00a1Ponte en contacto con nosotros y cu\u00e9ntanos tu proyecto!\u00a0<\/h5><h5>Estaremos encantados de escucharte.<\/h5>\t\t\t\t\t\t\t\t<\/div>\n\t\t\t\t<\/div>\n\t\t\t\t<div class=\"elementor-element elementor-element-192183d elementor-button-align-stretch elementor-widget elementor-widget-form\" data-id=\"192183d\" data-element_type=\"widget\" data-e-type=\"widget\" data-settings=\"{&quot;step_next_label&quot;:&quot;Siguiente&quot;,&quot;step_previous_label&quot;:&quot;Anterior&quot;,&quot;button_width&quot;:&quot;100&quot;,&quot;step_type&quot;:&quot;number_text&quot;,&quot;step_icon_shape&quot;:&quot;circle&quot;}\" data-widget_type=\"form.default\">\n\t\t\t\t<div class=\"elementor-widget-container\">\n\t\t\t\t\t\t\t<form class=\"elementor-form\" method=\"post\" name=\"Nuevo formulario\" aria-label=\"Nuevo formulario\">\n\t\t\t<input type=\"hidden\" name=\"post_id\" value=\"335\"\/>\n\t\t\t<input type=\"hidden\" name=\"form_id\" value=\"192183d\"\/>\n\t\t\t<input type=\"hidden\" name=\"referer_title\" value=\"Soluciones IE- Perm\u00edtanos ayudarte a realizar tus sue\u00f1os!\" \/>\n\n\t\t\t\t\t\t\t<input type=\"hidden\" name=\"queried_id\" value=\"335\"\/>\n\t\t\t\n\t\t\t<div class=\"elementor-form-fields-wrapper elementor-labels-\">\n\t\t\t\t\t\t\t\t<div class=\"elementor-field-type-text elementor-field-group elementor-column elementor-field-group-name elementor-col-50 elementor-field-required\">\n\t\t\t\t\t\t\t\t\t\t\t\t<label for=\"form-field-name\" class=\"elementor-field-label elementor-screen-only\">\n\t\t\t\t\t\t\t\tNombre\t\t\t\t\t\t\t<\/label>\n\t\t\t\t\t\t\t\t\t\t\t\t\t\t<input size=\"1\" type=\"text\" name=\"form_fields[name]\" id=\"form-field-name\" class=\"elementor-field elementor-size-lg  elementor-field-textual\" placeholder=\"Nombre\" required=\"required\">\n\t\t\t\t\t\t\t\t\t\t\t<\/div>\n\t\t\t\t\t\t\t\t<div class=\"elementor-field-type-text elementor-field-group elementor-column elementor-field-group-field_625815d elementor-col-50 elementor-field-required\">\n\t\t\t\t\t\t\t\t\t\t\t\t<label for=\"form-field-field_625815d\" class=\"elementor-field-label elementor-screen-only\">\n\t\t\t\t\t\t\t\tApellido\t\t\t\t\t\t\t<\/label>\n\t\t\t\t\t\t\t\t\t\t\t\t\t\t<input size=\"1\" type=\"text\" name=\"form_fields[field_625815d]\" id=\"form-field-field_625815d\" class=\"elementor-field elementor-size-lg  elementor-field-textual\" placeholder=\"Apellido\" required=\"required\">\n\t\t\t\t\t\t\t\t\t\t\t<\/div>\n\t\t\t\t\t\t\t\t<div class=\"elementor-field-type-tel elementor-field-group elementor-column elementor-field-group-field_69853a3 elementor-col-50 elementor-field-required\">\n\t\t\t\t\t\t\t\t\t\t\t\t<label for=\"form-field-field_69853a3\" class=\"elementor-field-label elementor-screen-only\">\n\t\t\t\t\t\t\t\tTel\u00e9fono\t\t\t\t\t\t\t<\/label>\n\t\t\t\t\t\t\t\t<input size=\"1\" type=\"tel\" name=\"form_fields[field_69853a3]\" id=\"form-field-field_69853a3\" class=\"elementor-field elementor-size-lg  elementor-field-textual\" placeholder=\"Tel\u00e9fono\" required=\"required\" pattern=\"[0-9()#&amp;+*-=.]+\" title=\"Sono accettati solo numeri e caratteri telefonici (#, -, *, ecc.).\">\n\n\t\t\t\t\t\t<\/div>\n\t\t\t\t\t\t\t\t<div class=\"elementor-field-type-email elementor-field-group elementor-column elementor-field-group-email elementor-col-50 elementor-field-required\">\n\t\t\t\t\t\t\t\t\t\t\t\t<label for=\"form-field-email\" class=\"elementor-field-label elementor-screen-only\">\n\t\t\t\t\t\t\t\tCorreo electr\u00f3nico\t\t\t\t\t\t\t<\/label>\n\t\t\t\t\t\t\t\t\t\t\t\t\t\t<input size=\"1\" type=\"email\" name=\"form_fields[email]\" id=\"form-field-email\" class=\"elementor-field elementor-size-lg  elementor-field-textual\" placeholder=\"Correo electr\u00f3nico\" required=\"required\">\n\t\t\t\t\t\t\t\t\t\t\t<\/div>\n\t\t\t\t\t\t\t\t<div class=\"elementor-field-type-text elementor-field-group elementor-column elementor-field-group-field_96055c1 elementor-col-100\">\n\t\t\t\t\t\t\t\t\t\t\t\t<label for=\"form-field-field_96055c1\" class=\"elementor-field-label elementor-screen-only\">\n\t\t\t\t\t\t\t\tEmpresa\t\t\t\t\t\t\t<\/label>\n\t\t\t\t\t\t\t\t\t\t\t\t\t\t<input size=\"1\" type=\"text\" name=\"form_fields[field_96055c1]\" id=\"form-field-field_96055c1\" class=\"elementor-field elementor-size-lg  elementor-field-textual\" placeholder=\"Empresa\">\n\t\t\t\t\t\t\t\t\t\t\t<\/div>\n\t\t\t\t\t\t\t\t<div class=\"elementor-field-type-textarea elementor-field-group elementor-column elementor-field-group-message elementor-col-100 elementor-field-required\">\n\t\t\t\t\t\t\t\t\t\t\t\t<label for=\"form-field-message\" class=\"elementor-field-label elementor-screen-only\">\n\t\t\t\t\t\t\t\tMensaje\t\t\t\t\t\t\t<\/label>\n\t\t\t\t\t\t<textarea class=\"elementor-field-textual elementor-field  elementor-size-lg\" name=\"form_fields[message]\" id=\"form-field-message\" rows=\"4\" placeholder=\"Mensaje\" required=\"required\"><\/textarea>\t\t\t\t<\/div>\n\t\t\t\t\t\t\t\t<div class=\"elementor-field-type-recaptcha_v3 elementor-field-group elementor-column elementor-field-group-field_7a13b83 elementor-col-100 recaptcha_v3-bottomleft\">\n\t\t\t\t\t<div class=\"elementor-field\" id=\"form-field-field_7a13b83\"><div class=\"elementor-g-recaptcha\" data-sitekey=\"6LfPX4oUAAAAAPxemXy8iSDsiOX35Zvy9hI0V6Wq\" data-type=\"v3\" data-action=\"Form\" data-badge=\"bottomleft\" data-size=\"invisible\"><\/div><\/div>\t\t\t\t<\/div>\n\t\t\t\t\t\t\t\t<div class=\"elementor-field-group elementor-column elementor-field-type-submit elementor-col-100 e-form__buttons\">\n\t\t\t\t\t<button class=\"elementor-button elementor-size-sm\" type=\"submit\">\n\t\t\t\t\t\t<span class=\"elementor-button-content-wrapper\">\n\t\t\t\t\t\t\t\t\t\t\t\t\t\t\t\t\t\t\t\t\t\t<span class=\"elementor-button-text\">Enviar<\/span>\n\t\t\t\t\t\t\t\t\t\t\t\t\t<\/span>\n\t\t\t\t\t<\/button>\n\t\t\t\t<\/div>\n\t\t\t<\/div>\n\t\t<\/form>\n\t\t\t\t\t\t<\/div>\n\t\t\t\t<\/div>\n\t\t\t\t\t<\/div>\n\t\t<\/div>\n\t\t\t\t\t<\/div>\n\t\t<\/section>\n\t\t\t\t<\/div>\n\t\t","protected":false},"excerpt":{"rendered":"<p>Contacto Tel\u00e9fono +52 449 994 1069 E-mail info@solucionesie.com.mx Ubicaci\u00f3n Calle 16 de septiembre 204-3 20000 centro, Aguascalientes, Ags. M\u00e9xico Perm\u00edtanos ayudarte a realizar tus sue\u00f1os \u00a1Ponte en contacto con nosotros y cu\u00e9ntanos tu proyecto!\u00a0 Estaremos encantados de escucharte.<\/p>","protected":false},"author":1,"featured_media":0,"parent":0,"menu_order":0,"comment_status":"closed","ping_status":"closed","template":"","meta":{"_joinchat":[],"footnotes":""},"class_list":["post-335","page","type-page","status-publish","hentry"],"yoast_head":"<!-- This site is optimized with the Yoast SEO plugin v27.4 - https:\/\/yoast.com\/product\/yoast-seo-wordpress\/ -->\n<title>Soluciones IE- Perm\u00edtanos ayudarte a realizar tus sue\u00f1os!<\/title>\n<meta name=\"description\" content=\"Ponte en contacto con nosotros y cu\u00e9ntanos tu proyecto! Estaremos encantados de escucharte. Perm\u00edtanos ayudarte a realizar tus sue\u00f1os!\" \/>\n<meta name=\"robots\" content=\"index, follow, max-snippet:-1, max-image-preview:large, max-video-preview:-1\" \/>\n<link rel=\"canonical\" href=\"https:\/\/www.solucionesie.com.mx\/it\/contacto\/\" \/>\n<meta property=\"og:locale\" content=\"it_IT\" \/>\n<meta property=\"og:type\" content=\"article\" \/>\n<meta property=\"og:title\" content=\"Soluciones IE- Perm\u00edtanos ayudarte a realizar tus sue\u00f1os!\" \/>\n<meta property=\"og:description\" content=\"Ponte en contacto con nosotros y cu\u00e9ntanos tu proyecto! Estaremos encantados de escucharte. Perm\u00edtanos ayudarte a realizar tus sue\u00f1os!\" \/>\n<meta property=\"og:url\" content=\"https:\/\/www.solucionesie.com.mx\/it\/contacto\/\" \/>\n<meta property=\"og:site_name\" content=\"Dise\u00f1o de p\u00e1ginas web\" \/>\n<meta property=\"article:publisher\" content=\"https:\/\/www.facebook.com\/SolucionesIEAgs\" \/>\n<meta property=\"article:modified_time\" content=\"2023-06-06T14:32:35+00:00\" \/>\n<meta property=\"og:image\" content=\"https:\/\/www.solucionesie.com.mx\/wp-content\/uploads\/2021\/11\/Logo_SolucionesIE_ico.png\" \/>\n\t<meta property=\"og:image:width\" content=\"750\" \/>\n\t<meta property=\"og:image:height\" content=\"750\" \/>\n\t<meta property=\"og:image:type\" content=\"image\/png\" \/>\n<meta name=\"twitter:card\" content=\"summary_large_image\" \/>\n<meta name=\"twitter:site\" content=\"@SolucionesInf12\" \/>\n<meta name=\"twitter:label1\" content=\"Tempo di lettura stimato\" \/>\n\t<meta name=\"twitter:data1\" content=\"1 minuto\" \/>\n<script type=\"application\/ld+json\" class=\"yoast-schema-graph\">{\"@context\":\"https:\\\/\\\/schema.org\",\"@graph\":[{\"@type\":\"WebPage\",\"@id\":\"https:\\\/\\\/www.solucionesie.com.mx\\\/contacto\\\/\",\"url\":\"https:\\\/\\\/www.solucionesie.com.mx\\\/contacto\\\/\",\"name\":\"Soluciones IE- Perm\u00edtanos ayudarte a realizar tus sue\u00f1os!\",\"isPartOf\":{\"@id\":\"https:\\\/\\\/www.solucionesie.com.mx\\\/#website\"},\"datePublished\":\"2023-02-03T20:21:50+00:00\",\"dateModified\":\"2023-06-06T14:32:35+00:00\",\"description\":\"Ponte en contacto con nosotros y cu\u00e9ntanos tu proyecto! Estaremos encantados de escucharte. Perm\u00edtanos ayudarte a realizar tus sue\u00f1os!\",\"breadcrumb\":{\"@id\":\"https:\\\/\\\/www.solucionesie.com.mx\\\/contacto\\\/#breadcrumb\"},\"inLanguage\":\"it-IT\",\"potentialAction\":[{\"@type\":\"ReadAction\",\"target\":[\"https:\\\/\\\/www.solucionesie.com.mx\\\/contacto\\\/\"]}]},{\"@type\":\"BreadcrumbList\",\"@id\":\"https:\\\/\\\/www.solucionesie.com.mx\\\/contacto\\\/#breadcrumb\",\"itemListElement\":[{\"@type\":\"ListItem\",\"position\":1,\"name\":\"Portada\",\"item\":\"https:\\\/\\\/www.solucionesie.com.mx\\\/\"},{\"@type\":\"ListItem\",\"position\":2,\"name\":\"Contacto\"}]},{\"@type\":\"WebSite\",\"@id\":\"https:\\\/\\\/www.solucionesie.com.mx\\\/#website\",\"url\":\"https:\\\/\\\/www.solucionesie.com.mx\\\/\",\"name\":\"Dise\u00f1o de p\u00e1ginas web\",\"description\":\"Soluciones IE - Aguascalientes M\u00e9xico\",\"publisher\":{\"@id\":\"https:\\\/\\\/www.solucionesie.com.mx\\\/#organization\"},\"potentialAction\":[{\"@type\":\"SearchAction\",\"target\":{\"@type\":\"EntryPoint\",\"urlTemplate\":\"https:\\\/\\\/www.solucionesie.com.mx\\\/?s={search_term_string}\"},\"query-input\":{\"@type\":\"PropertyValueSpecification\",\"valueRequired\":true,\"valueName\":\"search_term_string\"}}],\"inLanguage\":\"it-IT\"},{\"@type\":\"Organization\",\"@id\":\"https:\\\/\\\/www.solucionesie.com.mx\\\/#organization\",\"name\":\"Soluciones IE\",\"url\":\"https:\\\/\\\/www.solucionesie.com.mx\\\/\",\"logo\":{\"@type\":\"ImageObject\",\"inLanguage\":\"it-IT\",\"@id\":\"https:\\\/\\\/www.solucionesie.com.mx\\\/#\\\/schema\\\/logo\\\/image\\\/\",\"url\":\"https:\\\/\\\/www.solucionesie.com.mx\\\/wp-content\\\/uploads\\\/2021\\\/10\\\/Logo_SolucionesIE_768px.png\",\"contentUrl\":\"https:\\\/\\\/www.solucionesie.com.mx\\\/wp-content\\\/uploads\\\/2021\\\/10\\\/Logo_SolucionesIE_768px.png\",\"width\":768,\"height\":432,\"caption\":\"Soluciones IE\"},\"image\":{\"@id\":\"https:\\\/\\\/www.solucionesie.com.mx\\\/#\\\/schema\\\/logo\\\/image\\\/\"},\"sameAs\":[\"https:\\\/\\\/www.facebook.com\\\/SolucionesIEAgs\",\"https:\\\/\\\/x.com\\\/SolucionesInf12\",\"https:\\\/\\\/www.linkedin.com\\\/company\\\/18697668\"]}]}<\/script>\n<!-- \/ Yoast SEO plugin. -->","yoast_head_json":{"title":"Soluciones IE- Perm\u00edtanos ayudarte a realizar tus sue\u00f1os!","description":"Ponte en contacto con nosotros y cu\u00e9ntanos tu proyecto! Estaremos encantados de escucharte. Perm\u00edtanos ayudarte a realizar tus sue\u00f1os!","robots":{"index":"index","follow":"follow","max-snippet":"max-snippet:-1","max-image-preview":"max-image-preview:large","max-video-preview":"max-video-preview:-1"},"canonical":"https:\/\/www.solucionesie.com.mx\/it\/contacto\/","og_locale":"it_IT","og_type":"article","og_title":"Soluciones IE- Perm\u00edtanos ayudarte a realizar tus sue\u00f1os!","og_description":"Ponte en contacto con nosotros y cu\u00e9ntanos tu proyecto! Estaremos encantados de escucharte. Perm\u00edtanos ayudarte a realizar tus sue\u00f1os!","og_url":"https:\/\/www.solucionesie.com.mx\/it\/contacto\/","og_site_name":"Dise\u00f1o de p\u00e1ginas web","article_publisher":"https:\/\/www.facebook.com\/SolucionesIEAgs","article_modified_time":"2023-06-06T14:32:35+00:00","og_image":[{"width":750,"height":750,"url":"https:\/\/www.solucionesie.com.mx\/wp-content\/uploads\/2021\/11\/Logo_SolucionesIE_ico.png","type":"image\/png"}],"twitter_card":"summary_large_image","twitter_site":"@SolucionesInf12","twitter_misc":{"Tempo di lettura stimato":"1 minuto"},"schema":{"@context":"https:\/\/schema.org","@graph":[{"@type":"WebPage","@id":"https:\/\/www.solucionesie.com.mx\/contacto\/","url":"https:\/\/www.solucionesie.com.mx\/contacto\/","name":"Soluciones IE- Perm\u00edtanos ayudarte a realizar tus sue\u00f1os!","isPartOf":{"@id":"https:\/\/www.solucionesie.com.mx\/#website"},"datePublished":"2023-02-03T20:21:50+00:00","dateModified":"2023-06-06T14:32:35+00:00","description":"Ponte en contacto con nosotros y cu\u00e9ntanos tu proyecto! Estaremos encantados de escucharte. Perm\u00edtanos ayudarte a realizar tus sue\u00f1os!","breadcrumb":{"@id":"https:\/\/www.solucionesie.com.mx\/contacto\/#breadcrumb"},"inLanguage":"it-IT","potentialAction":[{"@type":"ReadAction","target":["https:\/\/www.solucionesie.com.mx\/contacto\/"]}]},{"@type":"BreadcrumbList","@id":"https:\/\/www.solucionesie.com.mx\/contacto\/#breadcrumb","itemListElement":[{"@type":"ListItem","position":1,"name":"Portada","item":"https:\/\/www.solucionesie.com.mx\/"},{"@type":"ListItem","position":2,"name":"Contacto"}]},{"@type":"WebSite","@id":"https:\/\/www.solucionesie.com.mx\/#website","url":"https:\/\/www.solucionesie.com.mx\/","name":"Realizzazione di siti web","description":"Soluciones IE - Aguascalientes M\u00e9xico","publisher":{"@id":"https:\/\/www.solucionesie.com.mx\/#organization"},"potentialAction":[{"@type":"SearchAction","target":{"@type":"EntryPoint","urlTemplate":"https:\/\/www.solucionesie.com.mx\/?s={search_term_string}"},"query-input":{"@type":"PropertyValueSpecification","valueRequired":true,"valueName":"search_term_string"}}],"inLanguage":"it-IT"},{"@type":"Organization","@id":"https:\/\/www.solucionesie.com.mx\/#organization","name":"Soluciones IE","url":"https:\/\/www.solucionesie.com.mx\/","logo":{"@type":"ImageObject","inLanguage":"it-IT","@id":"https:\/\/www.solucionesie.com.mx\/#\/schema\/logo\/image\/","url":"https:\/\/www.solucionesie.com.mx\/wp-content\/uploads\/2021\/10\/Logo_SolucionesIE_768px.png","contentUrl":"https:\/\/www.solucionesie.com.mx\/wp-content\/uploads\/2021\/10\/Logo_SolucionesIE_768px.png","width":768,"height":432,"caption":"Soluciones IE"},"image":{"@id":"https:\/\/www.solucionesie.com.mx\/#\/schema\/logo\/image\/"},"sameAs":["https:\/\/www.facebook.com\/SolucionesIEAgs","https:\/\/x.com\/SolucionesInf12","https:\/\/www.linkedin.com\/company\/18697668"]}]}},"_links":{"self":[{"href":"https:\/\/www.solucionesie.com.mx\/it\/wp-json\/wp\/v2\/pages\/335","targetHints":{"allow":["GET"]}}],"collection":[{"href":"https:\/\/www.solucionesie.com.mx\/it\/wp-json\/wp\/v2\/pages"}],"about":[{"href":"https:\/\/www.solucionesie.com.mx\/it\/wp-json\/wp\/v2\/types\/page"}],"author":[{"embeddable":true,"href":"https:\/\/www.solucionesie.com.mx\/it\/wp-json\/wp\/v2\/users\/1"}],"replies":[{"embeddable":true,"href":"https:\/\/www.solucionesie.com.mx\/it\/wp-json\/wp\/v2\/comments?post=335"}],"version-history":[{"count":36,"href":"https:\/\/www.solucionesie.com.mx\/it\/wp-json\/wp\/v2\/pages\/335\/revisions"}],"predecessor-version":[{"id":1099,"href":"https:\/\/www.solucionesie.com.mx\/it\/wp-json\/wp\/v2\/pages\/335\/revisions\/1099"}],"wp:attachment":[{"href":"https:\/\/www.solucionesie.com.mx\/it\/wp-json\/wp\/v2\/media?parent=335"}],"curies":[{"name":"wp","href":"https:\/\/api.w.org\/{rel}","templated":true}]}}